{"id":15940,"date":"2026-02-05T18:15:07","date_gmt":"2026-02-06T00:15:07","guid":{"rendered":"https:\/\/callpicker.com\/conmutadores\/?page_id=15940"},"modified":"2026-02-05T18:17:31","modified_gmt":"2026-02-06T00:17:31","slug":"gracias-calpicker-diagnostico","status":"publish","type":"page","link":"https:\/\/callpicker.com\/conmutadores\/gracias-calpicker-diagnostico\/","title":{"rendered":"Gracias &#8211; Calpicker diagnostico"},"content":{"rendered":"\t\t<div data-elementor-type=\"wp-page\" data-elementor-id=\"15940\" class=\"elementor elementor-15940\" data-elementor-post-type=\"page\">\n\t\t\t\t<div class=\"elementor-element elementor-element-be908ae elementor-hidden-mobile e-flex e-con-boxed e-con e-parent\" data-id=\"be908ae\" data-element_type=\"container\" data-e-type=\"container\" data-settings=\"{&quot;background_background&quot;:&quot;classic&quot;}\">\n\t\t\t\t\t<div class=\"e-con-inner\">\n\t\t<div class=\"elementor-element elementor-element-b5e2ffe e-con-full e-flex e-con e-child\" data-id=\"b5e2ffe\" data-element_type=\"container\" data-e-type=\"container\">\n\t\t\t\t<div class=\"elementor-element elementor-element-a959414 elementor-widget elementor-widget-image\" data-id=\"a959414\" data-element_type=\"widget\" data-e-type=\"widget\" data-widget_type=\"image.default\">\n\t\t\t\t<div class=\"elementor-widget-container\">\n\t\t\t\t\t\t\t\t\t\t\t\t\t\t\t<img decoding=\"async\" width=\"300\" height=\"88\" src=\"https:\/\/callpicker.com\/conmutadores\/wp-content\/uploads\/2023\/11\/logo.png\" class=\"attachment-2048x2048 size-2048x2048 wp-image-11540\" alt=\"\" \/>\t\t\t\t\t\t\t\t\t\t\t\t\t\t\t<\/div>\n\t\t\t\t<\/div>\n\t\t\t\t<\/div>\n\t\t<div class=\"elementor-element elementor-element-77d268d e-con-full e-flex e-con e-child\" data-id=\"77d268d\" data-element_type=\"container\" data-e-type=\"container\">\n\t\t\t\t<div class=\"elementor-element elementor-element-87f010b elementor-widget-tablet__width-inherit elementor-widget elementor-widget-heading\" data-id=\"87f010b\" data-element_type=\"widget\" data-e-type=\"widget\" data-widget_type=\"heading.default\">\n\t\t\t\t<div class=\"elementor-widget-container\">\n\t\t\t\t\t<h2 class=\"elementor-heading-title elementor-size-default\">\u00bfNecesitas asesor\u00eda t\u00e9cnica?<\/h2>\t\t\t\t<\/div>\n\t\t\t\t<\/div>\n\t\t\t\t<div class=\"elementor-element elementor-element-7337d90 elementor-align-end elementor-mobile-align-center elementor-icon-list--layout-inline elementor-list-item-link-full_width elementor-widget elementor-widget-icon-list\" data-id=\"7337d90\" data-element_type=\"widget\" data-e-type=\"widget\" data-widget_type=\"icon-list.default\">\n\t\t\t\t<div class=\"elementor-widget-container\">\n\t\t\t\t\t\t\t<ul class=\"elementor-icon-list-items elementor-inline-items\">\n\t\t\t\t\t\t\t<li class=\"elementor-icon-list-item elementor-inline-item\">\n\t\t\t\t\t\t\t\t\t\t\t<a href=\"tel:8008632006\">\n\n\t\t\t\t\t\t\t\t\t\t\t<span class=\"elementor-icon-list-text\">800 863 2006<\/span>\n\t\t\t\t\t\t\t\t\t\t\t<\/a>\n\t\t\t\t\t\t\t\t\t<\/li>\n\t\t\t\t\t\t<\/ul>\n\t\t\t\t\t\t<\/div>\n\t\t\t\t<\/div>\n\t\t\t\t<\/div>\n\t\t\t\t\t<\/div>\n\t\t\t\t<\/div>\n\t\t<div class=\"elementor-element elementor-element-c95e37b e-flex e-con-boxed e-con e-parent\" data-id=\"c95e37b\" data-element_type=\"container\" data-e-type=\"container\" data-settings=\"{&quot;background_background&quot;:&quot;gradient&quot;}\">\n\t\t\t\t\t<div class=\"e-con-inner\">\n\t\t<div class=\"elementor-element elementor-element-7d49050 e-con-full e-flex e-con e-child\" data-id=\"7d49050\" data-element_type=\"container\" data-e-type=\"container\">\n\t\t\t\t<div class=\"elementor-element elementor-element-dcb27ad elementor-widget elementor-widget-image\" data-id=\"dcb27ad\" data-element_type=\"widget\" data-e-type=\"widget\" data-widget_type=\"image.default\">\n\t\t\t\t<div class=\"elementor-widget-container\">\n\t\t\t\t\t\t\t\t\t\t\t\t\t\t\t<img fetchpriority=\"high\" decoding=\"async\" width=\"512\" height=\"512\" src=\"https:\/\/callpicker.com\/conmutadores\/wp-content\/uploads\/2024\/12\/accepted.png\" class=\"attachment-large size-large wp-image-14655\" alt=\"\" srcset=\"https:\/\/callpicker.com\/conmutadores\/wp-content\/uploads\/2024\/12\/accepted.png 512w, https:\/\/callpicker.com\/conmutadores\/wp-content\/uploads\/2024\/12\/accepted-300x300.png 300w, https:\/\/callpicker.com\/conmutadores\/wp-content\/uploads\/2024\/12\/accepted-150x150.png 150w\" sizes=\"(max-width: 512px) 100vw, 512px\" \/>\t\t\t\t\t\t\t\t\t\t\t\t\t\t\t<\/div>\n\t\t\t\t<\/div>\n\t\t\t\t<div class=\"elementor-element elementor-element-a3d1400 elementor-widget__width-initial elementor-widget elementor-widget-heading\" data-id=\"a3d1400\" data-element_type=\"widget\" data-e-type=\"widget\" data-widget_type=\"heading.default\">\n\t\t\t\t<div class=\"elementor-widget-container\">\n\t\t\t\t\t<h2 class=\"elementor-heading-title elementor-size-default\">\u00a1Gracias por tu inter\u00e9s en nuestra plataforma de Callpicker!<\/h2>\t\t\t\t<\/div>\n\t\t\t\t<\/div>\n\t\t\t\t<div class=\"elementor-element elementor-element-e3b7033 elementor-widget__width-initial elementor-widget elementor-widget-heading\" data-id=\"e3b7033\" data-element_type=\"widget\" data-e-type=\"widget\" data-widget_type=\"heading.default\">\n\t\t\t\t<div class=\"elementor-widget-container\">\n\t\t\t\t\t<h2 class=\"elementor-heading-title elementor-size-default\">Nuestro equipo de ventas se pondr\u00e1 en contacto contigo pronto para proporcionarte m\u00e1s informaci\u00f3n. <\/h2>\t\t\t\t<\/div>\n\t\t\t\t<\/div>\n\t\t\t\t<div class=\"elementor-element elementor-element-9ce567b elementor-widget__width-initial elementor-widget elementor-widget-heading\" data-id=\"9ce567b\" data-element_type=\"widget\" data-e-type=\"widget\" data-widget_type=\"heading.default\">\n\t\t\t\t<div class=\"elementor-widget-container\">\n\t\t\t\t\t<h2 class=\"elementor-heading-title elementor-size-default\">\u00a1Esperamos poder ayudarte!<\/h2>\t\t\t\t<\/div>\n\t\t\t\t<\/div>\n\t\t\t\t<\/div>\n\t\t<div class=\"elementor-element elementor-element-29b776a e-con-full e-flex e-con e-child\" data-id=\"29b776a\" data-element_type=\"container\" data-e-type=\"container\">\n\t\t<div class=\"elementor-element elementor-element-62ed61a e-con-full e-flex e-con e-child\" data-id=\"62ed61a\" data-element_type=\"container\" data-e-type=\"container\" data-settings=\"{&quot;background_background&quot;:&quot;classic&quot;}\">\n\t\t\t\t<div class=\"elementor-element elementor-element-352234f elementor-widget__width-initial elementor-widget elementor-widget-heading\" data-id=\"352234f\" data-element_type=\"widget\" data-e-type=\"widget\" data-widget_type=\"heading.default\">\n\t\t\t\t<div class=\"elementor-widget-container\">\n\t\t\t\t\t<h2 class=\"elementor-heading-title elementor-size-default\">Empieza ahora<\/h2>\t\t\t\t<\/div>\n\t\t\t\t<\/div>\n\t\t\t\t<div class=\"elementor-element elementor-element-4203ba2 elementor-widget__width-initial elementor-widget elementor-widget-heading\" data-id=\"4203ba2\" data-element_type=\"widget\" data-e-type=\"widget\" data-widget_type=\"heading.default\">\n\t\t\t\t<div class=\"elementor-widget-container\">\n\t\t\t\t\t<h2 class=\"elementor-heading-title elementor-size-default\">\u00a1Prueba nuestra demo gratis mientras te contactamos!<\/h2>\t\t\t\t<\/div>\n\t\t\t\t<\/div>\n\t\t\t\t<div class=\"elementor-element elementor-element-f4fad50 elementor-align-center elementor-widget__width-initial elementor-widget elementor-widget-button\" data-id=\"f4fad50\" data-element_type=\"widget\" data-e-type=\"widget\" data-widget_type=\"button.default\">\n\t\t\t\t<div class=\"elementor-widget-container\">\n\t\t\t\t\t\t\t\t\t<div class=\"elementor-button-wrapper\">\n\t\t\t\t\t<a class=\"elementor-button elementor-button-link elementor-size-sm\" href=\"https:\/\/callpicker.com\/demo.html?&#038;_campaing=conmutador_virtual_facebook&#038;_content=conmutador_virutal_facebook_lan_1&#038;_medium=ad_post&#038;_source=facebook&#038;_term=conmutador_virutal&#038;\">\n\t\t\t\t\t\t<span class=\"elementor-button-content-wrapper\">\n\t\t\t\t\t\t\t\t\t<span class=\"elementor-button-text\">INICIAR DEMO<\/span>\n\t\t\t\t\t<\/span>\n\t\t\t\t\t<\/a>\n\t\t\t\t<\/div>\n\t\t\t\t\t\t\t\t<\/div>\n\t\t\t\t<\/div>\n\t\t\t\t<\/div>\n\t\t\t\t<\/div>\n\t\t\t\t\t<\/div>\n\t\t\t\t<\/div>\n\t\t<div class=\"elementor-element elementor-element-1029961 e-con-full e-flex e-con e-parent\" data-id=\"1029961\" data-element_type=\"container\" data-e-type=\"container\" data-settings=\"{&quot;background_background&quot;:&quot;classic&quot;}\">\n\t\t<div class=\"elementor-element elementor-element-750df21 e-con-full e-flex e-con e-child\" data-id=\"750df21\" data-element_type=\"container\" data-e-type=\"container\">\n\t\t\t\t<div class=\"elementor-element elementor-element-252fd28 elementor-widget__width-initial elementor-widget elementor-widget-image\" data-id=\"252fd28\" data-element_type=\"widget\" data-e-type=\"widget\" data-widget_type=\"image.default\">\n\t\t\t\t<div class=\"elementor-widget-container\">\n\t\t\t\t\t\t\t\t\t\t\t\t\t\t\t<img decoding=\"async\" width=\"300\" height=\"150\" src=\"https:\/\/callpicker.com\/conmutadores\/wp-content\/uploads\/2023\/11\/logoazul.png\" class=\"attachment-large size-large wp-image-11625\" alt=\"\" \/>\t\t\t\t\t\t\t\t\t\t\t\t\t\t\t<\/div>\n\t\t\t\t<\/div>\n\t\t\t\t<\/div>\n\t\t<div class=\"elementor-element elementor-element-e83dfb7 e-con-full e-flex e-con e-child\" data-id=\"e83dfb7\" data-element_type=\"container\" data-e-type=\"container\">\n\t\t\t\t<div class=\"elementor-element elementor-element-460ed71 elementor-widget__width-initial elementor-widget-mobile__width-inherit elementor-widget elementor-widget-heading\" data-id=\"460ed71\" data-element_type=\"widget\" data-e-type=\"widget\" data-widget_type=\"heading.default\">\n\t\t\t\t<div class=\"elementor-widget-container\">\n\t\t\t\t\t<h2 class=\"elementor-heading-title elementor-size-default\"><a href=\"https:\/\/callpicker.com\/terminos-condiciones.html\">\u00a9 2025 T\u00e9rminos y condiciones para promociones.<\/a><\/h2>\t\t\t\t<\/div>\n\t\t\t\t<\/div>\n\t\t\t\t<\/div>\n\t\t<div class=\"elementor-element elementor-element-79d651a e-con-full e-flex e-con e-child\" data-id=\"79d651a\" data-element_type=\"container\" data-e-type=\"container\">\n\t\t\t\t<div class=\"elementor-element elementor-element-b3ee731 elementor-view-default elementor-widget elementor-widget-icon\" data-id=\"b3ee731\" data-element_type=\"widget\" data-e-type=\"widget\" data-widget_type=\"icon.default\">\n\t\t\t\t<div class=\"elementor-widget-container\">\n\t\t\t\t\t\t\t<div class=\"elementor-icon-wrapper\">\n\t\t\t<a class=\"elementor-icon\" href=\"https:\/\/www.facebook.com\/Callpicker\" target=\"_blank\">\n\t\t\t<i aria-hidden=\"true\" class=\"fab fa-facebook-f\"><\/i>\t\t\t<\/a>\n\t\t<\/div>\n\t\t\t\t\t\t<\/div>\n\t\t\t\t<\/div>\n\t\t\t\t<div class=\"elementor-element elementor-element-9ed028a elementor-view-default elementor-widget elementor-widget-icon\" data-id=\"9ed028a\" data-element_type=\"widget\" data-e-type=\"widget\" data-widget_type=\"icon.default\">\n\t\t\t\t<div class=\"elementor-widget-container\">\n\t\t\t\t\t\t\t<div class=\"elementor-icon-wrapper\">\n\t\t\t<a class=\"elementor-icon\" href=\"https:\/\/www.instagram.com\/callpicker\/\" target=\"_blank\">\n\t\t\t<i aria-hidden=\"true\" class=\"fab fa-instagram\"><\/i>\t\t\t<\/a>\n\t\t<\/div>\n\t\t\t\t\t\t<\/div>\n\t\t\t\t<\/div>\n\t\t\t\t<div class=\"elementor-element elementor-element-b8404f2 elementor-view-default elementor-widget elementor-widget-icon\" data-id=\"b8404f2\" data-element_type=\"widget\" data-e-type=\"widget\" data-widget_type=\"icon.default\">\n\t\t\t\t<div class=\"elementor-widget-container\">\n\t\t\t\t\t\t\t<div class=\"elementor-icon-wrapper\">\n\t\t\t<a class=\"elementor-icon\" href=\"https:\/\/www.linkedin.com\/company\/callpicker\" target=\"_blank\">\n\t\t\t<i aria-hidden=\"true\" class=\"fab fa-linkedin-in\"><\/i>\t\t\t<\/a>\n\t\t<\/div>\n\t\t\t\t\t\t<\/div>\n\t\t\t\t<\/div>\n\t\t\t\t<\/div>\n\t\t\t\t<\/div>\n\t\t\t\t<\/div>\n\t\t","protected":false},"excerpt":{"rendered":"<p>\u00bfNecesitas asesor\u00eda t\u00e9cnica? 800 863 2006 \u00a1Gracias por tu inter\u00e9s en nuestra plataforma de Callpicker! Nuestro equipo de ventas se pondr\u00e1 en contacto contigo pronto para proporcionarte m\u00e1s informaci\u00f3n. \u00a1Esperamos poder ayudarte! Empieza ahora \u00a1Prueba nuestra demo gratis mientras te contactamos! INICIAR DEMO \u00a9 2025 T\u00e9rminos y condiciones para promociones.<\/p>\n","protected":false},"author":1,"featured_media":0,"parent":0,"menu_order":0,"comment_status":"closed","ping_status":"closed","template":"","meta":{"_joinchat":[],"footnotes":""},"class_list":["post-15940","page","type-page","status-publish","hentry"],"_links":{"self":[{"href":"https:\/\/callpicker.com\/conmutadores\/wp-json\/wp\/v2\/pages\/15940","targetHints":{"allow":["GET"]}}],"collection":[{"href":"https:\/\/callpicker.com\/conmutadores\/wp-json\/wp\/v2\/pages"}],"about":[{"href":"https:\/\/callpicker.com\/conmutadores\/wp-json\/wp\/v2\/types\/page"}],"author":[{"embeddable":true,"href":"https:\/\/callpicker.com\/conmutadores\/wp-json\/wp\/v2\/users\/1"}],"replies":[{"embeddable":true,"href":"https:\/\/callpicker.com\/conmutadores\/wp-json\/wp\/v2\/comments?post=15940"}],"version-history":[{"count":4,"href":"https:\/\/callpicker.com\/conmutadores\/wp-json\/wp\/v2\/pages\/15940\/revisions"}],"predecessor-version":[{"id":15948,"href":"https:\/\/callpicker.com\/conmutadores\/wp-json\/wp\/v2\/pages\/15940\/revisions\/15948"}],"wp:attachment":[{"href":"https:\/\/callpicker.com\/conmutadores\/wp-json\/wp\/v2\/media?parent=15940"}],"curies":[{"name":"wp","href":"https:\/\/api.w.org\/{rel}","templated":true}]}}